{"id":11,"date":"2021-08-04T15:04:41","date_gmt":"2021-08-04T18:04:41","guid":{"rendered":"https:\/\/facilcertificadora.com.br\/blog\/?page_id=11"},"modified":"2021-08-31T09:23:15","modified_gmt":"2021-08-31T12:23:15","slug":"home","status":"publish","type":"page","link":"https:\/\/facilcertificadora.com.br\/blog\/","title":{"rendered":"Home"},"content":{"rendered":"\t\t<div data-elementor-type=\"wp-page\" data-elementor-id=\"11\" class=\"elementor elementor-11\" data-elementor-settings=\"[]\">\n\t\t\t\t\t\t\t<div class=\"elementor-section-wrap\">\n\t\t\t\t\t\t\t<section class=\"elementor-section elementor-top-section elementor-element elementor-element-581e554 elementor-section-boxed elementor-section-height-default elementor-section-height-default\" data-id=\"581e554\" data-element_type=\"section\">\n\t\t\t\t\t\t<div class=\"elementor-container elementor-column-gap-default\">\n\t\t\t\t\t<div class=\"elementor-column elementor-col-100 elementor-top-column elementor-element elementor-element-d4da891\" data-id=\"d4da891\" data-element_type=\"column\">\n\t\t\t<div class=\"elementor-widget-wrap elementor-element-populated\">\n\t\t\t\t\t\t\t\t<div class=\"elementor-element elementor-element-aff67c4 elementor-posts--align-left elementor-grid-3 elementor-grid-tablet-2 elementor-grid-mobile-1 elementor-posts--thumbnail-top elementor-posts--show-avatar elementor-card-shadow-yes elementor-posts__hover-gradient elementor-widget elementor-widget-posts\" data-id=\"aff67c4\" data-element_type=\"widget\" id=\"cardPost\" data-settings=\"{&quot;cards_masonry&quot;:&quot;yes&quot;,&quot;cards_row_gap&quot;:{&quot;unit&quot;:&quot;px&quot;,&quot;size&quot;:50,&quot;sizes&quot;:[]},&quot;cards_columns&quot;:&quot;3&quot;,&quot;cards_columns_tablet&quot;:&quot;2&quot;,&quot;cards_columns_mobile&quot;:&quot;1&quot;}\" data-widget_type=\"posts.cards\">\n\t\t\t\t<div class=\"elementor-widget-container\">\n\t\t\t\t\t<div class=\"elementor-posts-container elementor-posts elementor-posts--skin-cards elementor-grid\">\n\t\t\t\t<article class=\"elementor-post elementor-grid-item post-273 post type-post status-publish format-standard has-post-thumbnail hentry category-certificado-digital tag-certificado-digital entry\">\n\t\t\t<div class=\"elementor-post__card\">\n\t\t\t\t<a class=\"elementor-post__thumbnail__link\" href=\"https:\/\/facilcertificadora.com.br\/blog\/como-renovar-meu-certificado-digital\/\" >\n\t\t\t<div class=\"elementor-post__thumbnail\"><img width=\"2560\" height=\"1280\" src=\"https:\/\/facilcertificadora.com.br\/blog\/wp-content\/uploads\/2021\/08\/10-Como-renovar-seu-certificado-passo-a-passo-scaled.jpg\" class=\"attachment-full size-full\" alt=\"\" loading=\"lazy\" srcset=\"https:\/\/facilcertificadora.com.br\/blog\/wp-content\/uploads\/2021\/08\/10-Como-renovar-seu-certificado-passo-a-passo-scaled.jpg 2560w, https:\/\/facilcertificadora.com.br\/blog\/wp-content\/uploads\/2021\/08\/10-Como-renovar-seu-certificado-passo-a-passo-300x150.jpg 300w, https:\/\/facilcertificadora.com.br\/blog\/wp-content\/uploads\/2021\/08\/10-Como-renovar-seu-certificado-passo-a-passo-1024x512.jpg 1024w, https:\/\/facilcertificadora.com.br\/blog\/wp-content\/uploads\/2021\/08\/10-Como-renovar-seu-certificado-passo-a-passo-768x384.jpg 768w, https:\/\/facilcertificadora.com.br\/blog\/wp-content\/uploads\/2021\/08\/10-Como-renovar-seu-certificado-passo-a-passo-1536x768.jpg 1536w, https:\/\/facilcertificadora.com.br\/blog\/wp-content\/uploads\/2021\/08\/10-Como-renovar-seu-certificado-passo-a-passo-2048x1024.jpg 2048w, https:\/\/facilcertificadora.com.br\/blog\/wp-content\/uploads\/2021\/08\/10-Como-renovar-seu-certificado-passo-a-passo-1568x784.jpg 1568w\" sizes=\"(max-width: 2560px) 100vw, 2560px\" style=\"width:100%;height:50%;max-width:2560px;\" \/><\/div>\n\t\t<\/a>\n\t\t\t\t<div class=\"elementor-post__avatar\">\n\t\t\t<img alt='F\u00e1cil Certificadora' src='https:\/\/facilcertificadora.com.br\/blog\/wp-content\/uploads\/2021\/08\/avatar_user_1_1628164041-128x128.png' srcset='https:\/\/facilcertificadora.com.br\/blog\/wp-content\/uploads\/2021\/08\/avatar_user_1_1628164041-256x256.png 2x' class='avatar avatar-128 photo' height='128' width='128' loading='lazy'\/>\t\t<\/div>\n\t\t\t\t<div class=\"elementor-post__text\">\n\t\t\t\t<h3 class=\"elementor-post__title\">\n\t\t\t<a href=\"https:\/\/facilcertificadora.com.br\/blog\/como-renovar-meu-certificado-digital\/\" >\n\t\t\t\tComo renovar meu Certificado Digital?\t\t\t<\/a>\n\t\t<\/h3>\n\t\t\t\t<div class=\"elementor-post__excerpt\">\n\t\t\t<p>Para fazer a\u00a0renova\u00e7\u00e3o online\u00a0\u00e9 necess\u00e1rio que alguns crit\u00e9rios sejam obedecidos: Ter Certificado Digital\u00a0PF A3 v\u00e1lido; A renova\u00e7\u00e3o online ser\u00e1 feita\u00a0apenas 1 vez. Na pr\u00f3xima renova\u00e7\u00e3o<\/p>\n\t\t<\/div>\n\t\t\t\t\t<a class=\"elementor-post__read-more\" href=\"https:\/\/facilcertificadora.com.br\/blog\/como-renovar-meu-certificado-digital\/\" >\n\t\t\t\tSaiba mais\t\t\t<\/a>\n\t\t\t\t<\/div>\n\t\t\t\t<div class=\"elementor-post__meta-data\">\n\t\t\t\t\t<span class=\"elementor-post-date\">\n\t\t\t31 de agosto de 2021\t\t<\/span>\n\t\t\t\t<\/div>\n\t\t\t\t\t<\/div>\n\t\t<\/article>\n\t\t\t\t<article class=\"elementor-post elementor-grid-item post-270 post type-post status-publish format-standard has-post-thumbnail hentry category-certificado-digital tag-certificado-digital entry\">\n\t\t\t<div class=\"elementor-post__card\">\n\t\t\t\t<a class=\"elementor-post__thumbnail__link\" href=\"https:\/\/facilcertificadora.com.br\/blog\/diferenca-de-certificados-a1-e-a3\/\" >\n\t\t\t<div class=\"elementor-post__thumbnail\"><img width=\"2560\" height=\"1280\" src=\"https:\/\/facilcertificadora.com.br\/blog\/wp-content\/uploads\/2021\/08\/07-Diferenca-de-certificados-A1-e-A3-scaled.jpg\" class=\"attachment-full size-full\" alt=\"\" loading=\"lazy\" srcset=\"https:\/\/facilcertificadora.com.br\/blog\/wp-content\/uploads\/2021\/08\/07-Diferenca-de-certificados-A1-e-A3-scaled.jpg 2560w, https:\/\/facilcertificadora.com.br\/blog\/wp-content\/uploads\/2021\/08\/07-Diferenca-de-certificados-A1-e-A3-300x150.jpg 300w, https:\/\/facilcertificadora.com.br\/blog\/wp-content\/uploads\/2021\/08\/07-Diferenca-de-certificados-A1-e-A3-1024x512.jpg 1024w, https:\/\/facilcertificadora.com.br\/blog\/wp-content\/uploads\/2021\/08\/07-Diferenca-de-certificados-A1-e-A3-768x384.jpg 768w, https:\/\/facilcertificadora.com.br\/blog\/wp-content\/uploads\/2021\/08\/07-Diferenca-de-certificados-A1-e-A3-1536x768.jpg 1536w, https:\/\/facilcertificadora.com.br\/blog\/wp-content\/uploads\/2021\/08\/07-Diferenca-de-certificados-A1-e-A3-2048x1024.jpg 2048w, https:\/\/facilcertificadora.com.br\/blog\/wp-content\/uploads\/2021\/08\/07-Diferenca-de-certificados-A1-e-A3-1568x784.jpg 1568w\" sizes=\"(max-width: 2560px) 100vw, 2560px\" style=\"width:100%;height:50%;max-width:2560px;\" \/><\/div>\n\t\t<\/a>\n\t\t\t\t<div class=\"elementor-post__avatar\">\n\t\t\t<img alt='F\u00e1cil Certificadora' src='https:\/\/facilcertificadora.com.br\/blog\/wp-content\/uploads\/2021\/08\/avatar_user_1_1628164041-128x128.png' srcset='https:\/\/facilcertificadora.com.br\/blog\/wp-content\/uploads\/2021\/08\/avatar_user_1_1628164041-256x256.png 2x' class='avatar avatar-128 photo' height='128' width='128' loading='lazy'\/>\t\t<\/div>\n\t\t\t\t<div class=\"elementor-post__text\">\n\t\t\t\t<h3 class=\"elementor-post__title\">\n\t\t\t<a href=\"https:\/\/facilcertificadora.com.br\/blog\/diferenca-de-certificados-a1-e-a3\/\" >\n\t\t\t\tDiferen\u00e7a de Certificados A1 e A3\t\t\t<\/a>\n\t\t<\/h3>\n\t\t\t\t<div class=\"elementor-post__excerpt\">\n\t\t\t<p>Voc\u00ea sabe qual \u00e9 a diferen\u00e7a de um certificado A1 e A3? Iremos falar abaixo sobre essa diferen\u00e7a para te ajudar a escolher o melhor<\/p>\n\t\t<\/div>\n\t\t\t\t\t<a class=\"elementor-post__read-more\" href=\"https:\/\/facilcertificadora.com.br\/blog\/diferenca-de-certificados-a1-e-a3\/\" >\n\t\t\t\tSaiba mais\t\t\t<\/a>\n\t\t\t\t<\/div>\n\t\t\t\t<div class=\"elementor-post__meta-data\">\n\t\t\t\t\t<span class=\"elementor-post-date\">\n\t\t\t31 de agosto de 2021\t\t<\/span>\n\t\t\t\t<\/div>\n\t\t\t\t\t<\/div>\n\t\t<\/article>\n\t\t\t\t<article class=\"elementor-post elementor-grid-item post-268 post type-post status-publish format-standard has-post-thumbnail hentry category-certificado-digital tag-certificado-digital entry\">\n\t\t\t<div class=\"elementor-post__card\">\n\t\t\t\t<a class=\"elementor-post__thumbnail__link\" href=\"https:\/\/facilcertificadora.com.br\/blog\/o-que-e-assinatura-digital\/\" >\n\t\t\t<div class=\"elementor-post__thumbnail\"><img width=\"2560\" height=\"1280\" src=\"https:\/\/facilcertificadora.com.br\/blog\/wp-content\/uploads\/2021\/08\/06-O-que-e-assinatura-digital-scaled.jpg\" class=\"attachment-full size-full\" alt=\"\" loading=\"lazy\" srcset=\"https:\/\/facilcertificadora.com.br\/blog\/wp-content\/uploads\/2021\/08\/06-O-que-e-assinatura-digital-scaled.jpg 2560w, https:\/\/facilcertificadora.com.br\/blog\/wp-content\/uploads\/2021\/08\/06-O-que-e-assinatura-digital-300x150.jpg 300w, https:\/\/facilcertificadora.com.br\/blog\/wp-content\/uploads\/2021\/08\/06-O-que-e-assinatura-digital-1024x512.jpg 1024w, https:\/\/facilcertificadora.com.br\/blog\/wp-content\/uploads\/2021\/08\/06-O-que-e-assinatura-digital-768x384.jpg 768w, https:\/\/facilcertificadora.com.br\/blog\/wp-content\/uploads\/2021\/08\/06-O-que-e-assinatura-digital-1536x768.jpg 1536w, https:\/\/facilcertificadora.com.br\/blog\/wp-content\/uploads\/2021\/08\/06-O-que-e-assinatura-digital-2048x1024.jpg 2048w, https:\/\/facilcertificadora.com.br\/blog\/wp-content\/uploads\/2021\/08\/06-O-que-e-assinatura-digital-1568x784.jpg 1568w\" sizes=\"(max-width: 2560px) 100vw, 2560px\" style=\"width:100%;height:50%;max-width:2560px;\" \/><\/div>\n\t\t<\/a>\n\t\t\t\t<div class=\"elementor-post__avatar\">\n\t\t\t<img alt='F\u00e1cil Certificadora' src='https:\/\/facilcertificadora.com.br\/blog\/wp-content\/uploads\/2021\/08\/avatar_user_1_1628164041-128x128.png' srcset='https:\/\/facilcertificadora.com.br\/blog\/wp-content\/uploads\/2021\/08\/avatar_user_1_1628164041-256x256.png 2x' class='avatar avatar-128 photo' height='128' width='128' loading='lazy'\/>\t\t<\/div>\n\t\t\t\t<div class=\"elementor-post__text\">\n\t\t\t\t<h3 class=\"elementor-post__title\">\n\t\t\t<a href=\"https:\/\/facilcertificadora.com.br\/blog\/o-que-e-assinatura-digital\/\" >\n\t\t\t\tO que \u00e9 Assinatura Digital?\t\t\t<\/a>\n\t\t<\/h3>\n\t\t\t\t<div class=\"elementor-post__excerpt\">\n\t\t\t<p>\u00c9 uma assinatura que equivale a uma assinatura de pr\u00f3prio punho, s\u00f3 que do mundo virtual. Ela possibilita que qualquer pessoa assine qualquer documento eletr\u00f4nico,<\/p>\n\t\t<\/div>\n\t\t\t\t\t<a class=\"elementor-post__read-more\" href=\"https:\/\/facilcertificadora.com.br\/blog\/o-que-e-assinatura-digital\/\" >\n\t\t\t\tSaiba mais\t\t\t<\/a>\n\t\t\t\t<\/div>\n\t\t\t\t<div class=\"elementor-post__meta-data\">\n\t\t\t\t\t<span class=\"elementor-post-date\">\n\t\t\t31 de agosto de 2021\t\t<\/span>\n\t\t\t\t<\/div>\n\t\t\t\t\t<\/div>\n\t\t<\/article>\n\t\t\t\t<article class=\"elementor-post elementor-grid-item post-266 post type-post status-publish format-standard has-post-thumbnail hentry category-certificado-digital tag-certificado-digital entry\">\n\t\t\t<div class=\"elementor-post__card\">\n\t\t\t\t<a class=\"elementor-post__thumbnail__link\" href=\"https:\/\/facilcertificadora.com.br\/blog\/principais-aplicacoes-e-usos-do-certificado-digital\/\" >\n\t\t\t<div class=\"elementor-post__thumbnail\"><img width=\"2560\" height=\"1280\" src=\"https:\/\/facilcertificadora.com.br\/blog\/wp-content\/uploads\/2021\/08\/03-Principais-aplicacoes-e-usos-do-certificado-digital-scaled.jpg\" class=\"attachment-full size-full\" alt=\"\" loading=\"lazy\" srcset=\"https:\/\/facilcertificadora.com.br\/blog\/wp-content\/uploads\/2021\/08\/03-Principais-aplicacoes-e-usos-do-certificado-digital-scaled.jpg 2560w, https:\/\/facilcertificadora.com.br\/blog\/wp-content\/uploads\/2021\/08\/03-Principais-aplicacoes-e-usos-do-certificado-digital-300x150.jpg 300w, https:\/\/facilcertificadora.com.br\/blog\/wp-content\/uploads\/2021\/08\/03-Principais-aplicacoes-e-usos-do-certificado-digital-1024x512.jpg 1024w, https:\/\/facilcertificadora.com.br\/blog\/wp-content\/uploads\/2021\/08\/03-Principais-aplicacoes-e-usos-do-certificado-digital-768x384.jpg 768w, https:\/\/facilcertificadora.com.br\/blog\/wp-content\/uploads\/2021\/08\/03-Principais-aplicacoes-e-usos-do-certificado-digital-1536x768.jpg 1536w, https:\/\/facilcertificadora.com.br\/blog\/wp-content\/uploads\/2021\/08\/03-Principais-aplicacoes-e-usos-do-certificado-digital-2048x1024.jpg 2048w, https:\/\/facilcertificadora.com.br\/blog\/wp-content\/uploads\/2021\/08\/03-Principais-aplicacoes-e-usos-do-certificado-digital-1568x784.jpg 1568w\" sizes=\"(max-width: 2560px) 100vw, 2560px\" style=\"width:100%;height:50%;max-width:2560px;\" \/><\/div>\n\t\t<\/a>\n\t\t\t\t<div class=\"elementor-post__avatar\">\n\t\t\t<img alt='F\u00e1cil Certificadora' src='https:\/\/facilcertificadora.com.br\/blog\/wp-content\/uploads\/2021\/08\/avatar_user_1_1628164041-128x128.png' srcset='https:\/\/facilcertificadora.com.br\/blog\/wp-content\/uploads\/2021\/08\/avatar_user_1_1628164041-256x256.png 2x' class='avatar avatar-128 photo' height='128' width='128' loading='lazy'\/>\t\t<\/div>\n\t\t\t\t<div class=\"elementor-post__text\">\n\t\t\t\t<h3 class=\"elementor-post__title\">\n\t\t\t<a href=\"https:\/\/facilcertificadora.com.br\/blog\/principais-aplicacoes-e-usos-do-certificado-digital\/\" >\n\t\t\t\tPrincipais aplica\u00e7\u00f5es e usos do Certificado Digital\t\t\t<\/a>\n\t\t<\/h3>\n\t\t\t\t<div class=\"elementor-post__excerpt\">\n\t\t\t<p>Com muitas possibilidades que a internet proporciona, gerando fluxo nas informa\u00e7\u00f5es, alguns cuidados com os dados que trafegam na rede passaram a ser exigidos para<\/p>\n\t\t<\/div>\n\t\t\t\t\t<a class=\"elementor-post__read-more\" href=\"https:\/\/facilcertificadora.com.br\/blog\/principais-aplicacoes-e-usos-do-certificado-digital\/\" >\n\t\t\t\tSaiba mais\t\t\t<\/a>\n\t\t\t\t<\/div>\n\t\t\t\t<div class=\"elementor-post__meta-data\">\n\t\t\t\t\t<span class=\"elementor-post-date\">\n\t\t\t31 de agosto de 2021\t\t<\/span>\n\t\t\t\t<\/div>\n\t\t\t\t\t<\/div>\n\t\t<\/article>\n\t\t\t\t<article class=\"elementor-post elementor-grid-item post-264 post type-post status-publish format-standard has-post-thumbnail hentry category-certificado-digital tag-certificado-digital entry\">\n\t\t\t<div class=\"elementor-post__card\">\n\t\t\t\t<a class=\"elementor-post__thumbnail__link\" href=\"https:\/\/facilcertificadora.com.br\/blog\/para-que-serve-o-certificado-digital\/\" >\n\t\t\t<div class=\"elementor-post__thumbnail\"><img width=\"2560\" height=\"1280\" src=\"https:\/\/facilcertificadora.com.br\/blog\/wp-content\/uploads\/2021\/08\/02-Para-que-serve-o-certificado-digital-scaled.jpg\" class=\"attachment-full size-full\" alt=\"\" loading=\"lazy\" srcset=\"https:\/\/facilcertificadora.com.br\/blog\/wp-content\/uploads\/2021\/08\/02-Para-que-serve-o-certificado-digital-scaled.jpg 2560w, https:\/\/facilcertificadora.com.br\/blog\/wp-content\/uploads\/2021\/08\/02-Para-que-serve-o-certificado-digital-300x150.jpg 300w, https:\/\/facilcertificadora.com.br\/blog\/wp-content\/uploads\/2021\/08\/02-Para-que-serve-o-certificado-digital-1024x512.jpg 1024w, https:\/\/facilcertificadora.com.br\/blog\/wp-content\/uploads\/2021\/08\/02-Para-que-serve-o-certificado-digital-768x384.jpg 768w, https:\/\/facilcertificadora.com.br\/blog\/wp-content\/uploads\/2021\/08\/02-Para-que-serve-o-certificado-digital-1536x768.jpg 1536w, https:\/\/facilcertificadora.com.br\/blog\/wp-content\/uploads\/2021\/08\/02-Para-que-serve-o-certificado-digital-2048x1024.jpg 2048w, https:\/\/facilcertificadora.com.br\/blog\/wp-content\/uploads\/2021\/08\/02-Para-que-serve-o-certificado-digital-1568x784.jpg 1568w\" sizes=\"(max-width: 2560px) 100vw, 2560px\" style=\"width:100%;height:50%;max-width:2560px;\" \/><\/div>\n\t\t<\/a>\n\t\t\t\t<div class=\"elementor-post__avatar\">\n\t\t\t<img alt='F\u00e1cil Certificadora' src='https:\/\/facilcertificadora.com.br\/blog\/wp-content\/uploads\/2021\/08\/avatar_user_1_1628164041-128x128.png' srcset='https:\/\/facilcertificadora.com.br\/blog\/wp-content\/uploads\/2021\/08\/avatar_user_1_1628164041-256x256.png 2x' class='avatar avatar-128 photo' height='128' width='128' loading='lazy'\/>\t\t<\/div>\n\t\t\t\t<div class=\"elementor-post__text\">\n\t\t\t\t<h3 class=\"elementor-post__title\">\n\t\t\t<a href=\"https:\/\/facilcertificadora.com.br\/blog\/para-que-serve-o-certificado-digital\/\" >\n\t\t\t\tPara que serve o Certificado Digital?\t\t\t<\/a>\n\t\t<\/h3>\n\t\t\t\t<div class=\"elementor-post__excerpt\">\n\t\t\t<p>Para que serve o Certificado Digital? O Certificado Digital serve para assinar digitalmente documentos \u2013 sem a necessidade de deslocamento \u2013 comprovar a identidade em<\/p>\n\t\t<\/div>\n\t\t\t\t\t<a class=\"elementor-post__read-more\" href=\"https:\/\/facilcertificadora.com.br\/blog\/para-que-serve-o-certificado-digital\/\" >\n\t\t\t\tSaiba mais\t\t\t<\/a>\n\t\t\t\t<\/div>\n\t\t\t\t<div class=\"elementor-post__meta-data\">\n\t\t\t\t\t<span class=\"elementor-post-date\">\n\t\t\t31 de agosto de 2021\t\t<\/span>\n\t\t\t\t<\/div>\n\t\t\t\t\t<\/div>\n\t\t<\/article>\n\t\t\t\t<article class=\"elementor-post elementor-grid-item post-235 post type-post status-publish format-standard has-post-thumbnail hentry category-certificado-digital tag-imposto-de-renda entry\">\n\t\t\t<div class=\"elementor-post__card\">\n\t\t\t\t<a class=\"elementor-post__thumbnail__link\" href=\"https:\/\/facilcertificadora.com.br\/blog\/quais-sao-os-principais-documentos-que-voce-deve-ter-em-maos-para-fazer-a-sua-declaracao-de-ir\/\" >\n\t\t\t<div class=\"elementor-post__thumbnail\"><img width=\"2560\" height=\"1280\" src=\"https:\/\/facilcertificadora.com.br\/blog\/wp-content\/uploads\/2021\/08\/02-DOC-DECLARACAO-DE-IR-scaled.jpg\" class=\"attachment-full size-full\" alt=\"\" loading=\"lazy\" srcset=\"https:\/\/facilcertificadora.com.br\/blog\/wp-content\/uploads\/2021\/08\/02-DOC-DECLARACAO-DE-IR-scaled.jpg 2560w, https:\/\/facilcertificadora.com.br\/blog\/wp-content\/uploads\/2021\/08\/02-DOC-DECLARACAO-DE-IR-300x150.jpg 300w, https:\/\/facilcertificadora.com.br\/blog\/wp-content\/uploads\/2021\/08\/02-DOC-DECLARACAO-DE-IR-1024x512.jpg 1024w, https:\/\/facilcertificadora.com.br\/blog\/wp-content\/uploads\/2021\/08\/02-DOC-DECLARACAO-DE-IR-768x384.jpg 768w, https:\/\/facilcertificadora.com.br\/blog\/wp-content\/uploads\/2021\/08\/02-DOC-DECLARACAO-DE-IR-1536x768.jpg 1536w, https:\/\/facilcertificadora.com.br\/blog\/wp-content\/uploads\/2021\/08\/02-DOC-DECLARACAO-DE-IR-2048x1024.jpg 2048w, https:\/\/facilcertificadora.com.br\/blog\/wp-content\/uploads\/2021\/08\/02-DOC-DECLARACAO-DE-IR-1568x784.jpg 1568w\" sizes=\"(max-width: 2560px) 100vw, 2560px\" style=\"width:100%;height:50%;max-width:2560px;\" \/><\/div>\n\t\t<\/a>\n\t\t\t\t<div class=\"elementor-post__avatar\">\n\t\t\t<img alt='F\u00e1cil Certificadora' src='https:\/\/facilcertificadora.com.br\/blog\/wp-content\/uploads\/2021\/08\/avatar_user_1_1628164041-128x128.png' srcset='https:\/\/facilcertificadora.com.br\/blog\/wp-content\/uploads\/2021\/08\/avatar_user_1_1628164041-256x256.png 2x' class='avatar avatar-128 photo' height='128' width='128' loading='lazy'\/>\t\t<\/div>\n\t\t\t\t<div class=\"elementor-post__text\">\n\t\t\t\t<h3 class=\"elementor-post__title\">\n\t\t\t<a href=\"https:\/\/facilcertificadora.com.br\/blog\/quais-sao-os-principais-documentos-que-voce-deve-ter-em-maos-para-fazer-a-sua-declaracao-de-ir\/\" >\n\t\t\t\tQuais s\u00e3o os principais documentos que voc\u00ea deve ter em m\u00e3os para fazer a sua declara\u00e7\u00e3o de IR\t\t\t<\/a>\n\t\t<\/h3>\n\t\t\t\t<div class=\"elementor-post__excerpt\">\n\t\t\t<p>Mar\u00e7o chegou e com ele a obriga\u00e7\u00e3o de o contribuinte se organizar e acertar as contas com o Le\u00e3o. A entrega da Declara\u00e7\u00e3o do Imposto<\/p>\n\t\t<\/div>\n\t\t\t\t\t<a class=\"elementor-post__read-more\" href=\"https:\/\/facilcertificadora.com.br\/blog\/quais-sao-os-principais-documentos-que-voce-deve-ter-em-maos-para-fazer-a-sua-declaracao-de-ir\/\" >\n\t\t\t\tSaiba mais\t\t\t<\/a>\n\t\t\t\t<\/div>\n\t\t\t\t<div class=\"elementor-post__meta-data\">\n\t\t\t\t\t<span class=\"elementor-post-date\">\n\t\t\t6 de agosto de 2021\t\t<\/span>\n\t\t\t\t<\/div>\n\t\t\t\t\t<\/div>\n\t\t<\/article>\n\t\t\t\t<\/div>\n\t\t\t\t<nav class=\"elementor-pagination\" role=\"navigation\" aria-label=\"Pagination\">\n\t\t\t<span aria-current=\"page\" class=\"page-numbers current\"><span class=\"elementor-screen-only\">Page<\/span>1<\/span>\n<a class=\"page-numbers\" href=\"https:\/\/facilcertificadora.com.br\/blog\/wp-json\/wp\/v2\/pages\/11\/page\/2\/\"><span class=\"elementor-screen-only\">Page<\/span>2<\/a>\t\t<\/nav>\n\t\t\t\t<\/div>\n\t\t\t\t<\/div>\n\t\t\t\t\t<\/div>\n\t\t<\/div>\n\t\t\t\t\t\t\t<\/div>\n\t\t<\/section>\n\t\t\t\t\t\t<\/div>\n\t\t\t\t\t<\/div>\n\t\t","protected":false},"excerpt":{"rendered":"","protected":false},"author":1,"featured_media":0,"parent":0,"menu_order":0,"comment_status":"closed","ping_status":"closed","template":"elementor_header_footer","meta":{"_links_to":"","_links_to_target":""},"_links":{"self":[{"href":"https:\/\/facilcertificadora.com.br\/blog\/wp-json\/wp\/v2\/pages\/11"}],"collection":[{"href":"https:\/\/facilcertificadora.com.br\/blog\/wp-json\/wp\/v2\/pages"}],"about":[{"href":"https:\/\/facilcertificadora.com.br\/blog\/wp-json\/wp\/v2\/types\/page"}],"author":[{"embeddable":true,"href":"https:\/\/facilcertificadora.com.br\/blog\/wp-json\/wp\/v2\/users\/1"}],"replies":[{"embeddable":true,"href":"https:\/\/facilcertificadora.com.br\/blog\/wp-json\/wp\/v2\/comments?post=11"}],"version-history":[{"count":46,"href":"https:\/\/facilcertificadora.com.br\/blog\/wp-json\/wp\/v2\/pages\/11\/revisions"}],"predecessor-version":[{"id":277,"href":"https:\/\/facilcertificadora.com.br\/blog\/wp-json\/wp\/v2\/pages\/11\/revisions\/277"}],"wp:attachment":[{"href":"https:\/\/facilcertificadora.com.br\/blog\/wp-json\/wp\/v2\/media?parent=11"}],"curies":[{"name":"wp","href":"https:\/\/api.w.org\/{rel}","templated":true}]}}